{"id":672,"date":"2025-05-22T13:29:14","date_gmt":"2025-05-22T12:29:14","guid":{"rendered":"https:\/\/artisanwood.it\/?post_type=product&#038;p=672"},"modified":"2025-07-06T11:59:42","modified_gmt":"2025-07-06T10:59:42","slug":"tavolo-in-legno-massello-di-acacia-gambe-tronco-j08","status":"publish","type":"product","link":"https:\/\/artisanwood.it\/en\/negozio\/tavolo-in-legno-massello-di-acacia-gambe-tronco-j08\/","title":{"rendered":"Tavolo in legno massello con gambe tronco d&#8217;albero J09 L250cm"},"content":{"rendered":"<div class=\"tab-panels\">\n<div id=\"tab-description\" class=\"woocommerce-Tabs-panel woocommerce-Tabs-panel--description panel entry-content active\" role=\"tabpanel\" aria-labelledby=\"tab-title-description\">\n<p data-start=\"239\" data-end=\"322\"><strong data-start=\"239\" data-end=\"322\">Solid Acacia Wood Table \u2013 Unique Edition with \u201cTree Trunk\u201d Legs<\/strong><\/p>\n<p data-start=\"324\" data-end=\"792\">A <strong data-start=\"327\" data-end=\"355\">solid wood table<\/strong> che non si replica.<br data-start=\"375\" data-end=\"378\" \/>Realizzati interamente in <strong data-start=\"404\" data-end=\"432\">solid acacia wood<\/strong>, questi tavoli sono pezzi unici che portano nella tua casa la forza e la bellezza incontaminata della natura. Ogni <strong data-start=\"548\" data-end=\"576\">solid wood table<\/strong> \u00e8 levigato a mano e trattato solo con primer protettivo, lasciando il legno naturale al tatto e ricco di sfumature autentiche. Le venature, i nodi e i bordi organici raccontano la storia dell\u2019albero da cui proviene.<\/p>\n<p data-start=\"794\" data-end=\"1110\">La vera particolarit\u00e0? Le gambe. Ogni <strong data-start=\"832\" data-end=\"870\">tavolo in legno massello di acacia<\/strong> \u00e8 dotato di gambe scolpite da sezioni di tronco, diverse per ogni pezzo, non sostituibili n\u00e9 replicabili. Nessuna scelta da fare: ogni tavolo ha gi\u00e0 le sue gambe, scelte per armonizzarsi perfettamente con la forma e il carattere del piano.<\/p>\n<h3 data-start=\"1112\" data-end=\"1143\">What Makes It Special:<\/h3>\n<ul data-start=\"1145\" data-end=\"1963\">\n<li data-start=\"1145\" data-end=\"1195\">\n<p data-start=\"1147\" data-end=\"1195\"><strong data-start=\"1147\" data-end=\"1160\">Materiale<\/strong>: 100% <strong data-start=\"1167\" data-end=\"1195\">solid acacia wood<\/strong><\/p>\n<\/li>\n<li data-start=\"1196\" data-end=\"1282\">\n<p data-start=\"1198\" data-end=\"1282\"><strong data-start=\"1198\" data-end=\"1210\">Finitura<\/strong>: solo primer trasparente \u2013 nessuna vernice, nessun filtro artificiale<\/p>\n<\/li>\n<li data-start=\"1283\" data-end=\"1562\">\n<p data-start=\"1285\" data-end=\"1562\">Prima viene utilizzato un procedimento di fumigazione chimica contro gli insetti ed essiccazione a forno lenta di almeno sei settimane, per il controllo dell\u2019umidit\u00e0 secondo gli standard. Dopodich\u00e9, sar\u00e0 pronto per essere lavorato, in questo caso attraverso l\u2019uso del primer.<\/p>\n<\/li>\n<li data-start=\"1563\" data-end=\"1635\">\n<p data-start=\"1565\" data-end=\"1635\"><strong data-start=\"1565\" data-end=\"1583\">Spessore piano<\/strong>: 11 cm importante, robusto, visivamente imponente<\/p>\n<\/li>\n<li data-start=\"1636\" data-end=\"1702\">\n<p data-start=\"1638\" data-end=\"1702\"><strong data-start=\"1638\" data-end=\"1668\">Misure ai lati e al centro<\/strong>: indicativamente 126-112-127 cm<\/p>\n<\/li>\n<li data-start=\"1703\" data-end=\"1753\">\n<p data-start=\"1705\" data-end=\"1753\"><strong data-start=\"1705\" data-end=\"1714\">Bordi<\/strong>: organici, naturali, levigati a mano<\/p>\n<\/li>\n<li data-start=\"1754\" data-end=\"1819\">\n<p data-start=\"1756\" data-end=\"1819\"><strong data-start=\"1756\" data-end=\"1765\">Gambe<\/strong>: \u201ctronco d\u2019albero\u201d massicce, uniche per ogni tavolo<\/p>\n<\/li>\n<li data-start=\"1820\" data-end=\"1856\">\n<p data-start=\"1822\" data-end=\"1856\"><strong data-start=\"1822\" data-end=\"1842\">Paese di origine<\/strong>: Thailandia<\/p>\n<\/li>\n<li data-start=\"1857\" data-end=\"1926\">\n<p data-start=\"1859\" data-end=\"1926\"><strong data-start=\"1859\" data-end=\"1874\">Pezzo unico<\/strong>: ogni <strong data-start=\"1881\" data-end=\"1909\">solid wood table<\/strong> \u00e8 irripetibile<\/p>\n<\/li>\n<li data-start=\"1927\" data-end=\"1963\">\n<p data-start=\"1929\" data-end=\"1963\">Perfect For: Those seeking authentic, natural craftsmanship<\/p>\n<\/li>\n<\/ul>\n<p data-start=\"1965\" data-end=\"2188\">This is not just a table \u2014 it\u2019s a true statement piece, a functional work of art. Perfect for rustic, industrial, or contemporary spaces with bold character, it\u2019s designed for those who appreciate authentic, natural materials that are pure, living, and made to last.<\/p>\n<h3 data-start=\"2190\" data-end=\"2274\">Benefici del <strong data-start=\"2207\" data-end=\"2245\">tavolo in legno massello di acacia<\/strong> con gambe \u201ctronco d\u2019albero\u201d:<\/h3>\n<p data-start=\"2276\" data-end=\"2452\">\ud83d\udd39 <strong data-start=\"2279\" data-end=\"2300\">Unicit\u00e0 garantita<\/strong><br data-start=\"2300\" data-end=\"2303\" \/>Ogni <strong data-start=\"2308\" data-end=\"2336\">solid wood table<\/strong> \u00e8 un pezzo irripetibile, con forme, venature, sfumature e gambe scolpite diverse. Nessun tavolo \u00e8 uguale all\u2019altro.<\/p>\n<p data-start=\"2454\" data-end=\"2664\">\ud83d\udd39 <strong data-start=\"2457\" data-end=\"2481\">Autenticit\u00e0 naturale<\/strong><br data-start=\"2481\" data-end=\"2484\" \/>Realizzato in <strong data-start=\"2498\" data-end=\"2526\">solid acacia wood<\/strong>, non trattato con vernici artificiali ma solo con primer trasparente. Il risultato? Una superficie calda, autentica e piacevole al tatto.<\/p>\n<p data-start=\"2666\" data-end=\"2894\">\ud83d\udd39 <strong data-start=\"2669\" data-end=\"2702\">Estetica organica e scultorea<\/strong><br data-start=\"2702\" data-end=\"2705\" \/>I bordi seguono le linee naturali del legno, per un effetto visivo organico e materico. Le gambe in tronco d\u2019albero trasformano ogni <strong data-start=\"2838\" data-end=\"2866\">solid wood table<\/strong> in una scultura funzionale.<\/p>\n<p data-start=\"2896\" data-end=\"3119\">\ud83d\udd39 <strong data-start=\"2899\" data-end=\"2939\">Spessore imponente, struttura solida<\/strong><br data-start=\"2939\" data-end=\"2942\" \/>Il piano spesso conferisce al <strong data-start=\"2972\" data-end=\"3000\">solid wood table<\/strong> una presenza importante e una resistenza eccezionale, perfetta per l\u2019uso quotidiano o come elemento centrale d\u2019arredo.<\/p>\n<p data-start=\"3121\" data-end=\"3335\">\ud83d\udd39 <strong data-start=\"3124\" data-end=\"3164\">Pronto all\u2019uso e facile da integrare<\/strong><br data-start=\"3164\" data-end=\"3167\" \/>Grazie alla finitura naturale e ai colori neutri del <strong data-start=\"3220\" data-end=\"3248\">solid acacia wood<\/strong>, il tavolo si adatta facilmente ad ambienti rustici, moderni, industriali o eclettici.<\/p>\n<p data-start=\"3337\" data-end=\"3557\">\ud83d\udd39 <strong data-start=\"3340\" data-end=\"3373\">Sostenibilit\u00e0 e artigianalit\u00e0<\/strong><br data-start=\"3373\" data-end=\"3376\" \/>Prodotto con materiali provenienti da filiere responsabili, ogni <strong data-start=\"3441\" data-end=\"3479\">tavolo in legno massello di acacia<\/strong> \u00e8 lavorato con cura artigianale, nel rispetto della natura e delle sue forme.<\/p>\n<h3 data-start=\"3559\" data-end=\"3609\">How to Care for Your Table:<\/h3>\n<p data-start=\"3611\" data-end=\"3812\">The <strong data-start=\"3614\" data-end=\"3632\">solid wood<\/strong> \u00e8 un materiale vivo. Per preservarne la bellezza nel tempo: evitare l\u2019esposizione prolungata a fonti di calore e umidit\u00e0 e pulire con un panno umido, evitando prodotti aggressivi.<\/p>\n<h3 data-start=\"3814\" data-end=\"3842\">Informazioni e supporto:<\/h3>\n<p data-start=\"3844\" data-end=\"4110\">Ogni <strong data-start=\"3849\" data-end=\"3887\">tavolo in legno massello di acacia<\/strong> viene fotografato individualmente: acquisti esattamente il pezzo che vedi.<br data-start=\"3962\" data-end=\"3965\" \/>Per richieste particolari o ulteriori informazioni, contattaci via email a <a class=\"cursor-pointer\" rel=\"noopener\" data-start=\"4040\" data-end=\"4061\">office@artisanwood.it<\/a> o chiamaci al 0039\/ 3517169292 (anche whatsapp).<\/p>\n<\/div>\n<\/div>","protected":false},"excerpt":{"rendered":"<p>L250 x W126-112-127 x 76cm<\/p>\n<p>Thickness: 11 cm<\/p>","protected":false},"featured_media":676,"comment_status":"closed","ping_status":"closed","template":"","meta":[],"product_brand":[],"product_cat":[21],"product_tag":[],"class_list":{"0":"post-672","1":"product","2":"type-product","3":"status-publish","4":"has-post-thumbnail","6":"product_cat-tavoli-in-legno-massello-di-acacia","7":"product_shipping_class-heavy-tables","9":"first","10":"instock","11":"sold-individually","12":"taxable","13":"shipping-taxable","14":"purchasable","15":"product-type-simple"},"_links":{"self":[{"href":"https:\/\/artisanwood.it\/en\/wp-json\/wp\/v2\/product\/672","targetHints":{"allow":["GET"]}}],"collection":[{"href":"https:\/\/artisanwood.it\/en\/wp-json\/wp\/v2\/product"}],"about":[{"href":"https:\/\/artisanwood.it\/en\/wp-json\/wp\/v2\/types\/product"}],"replies":[{"embeddable":true,"href":"https:\/\/artisanwood.it\/en\/wp-json\/wp\/v2\/comments?post=672"}],"wp:featuredmedia":[{"embeddable":true,"href":"https:\/\/artisanwood.it\/en\/wp-json\/wp\/v2\/media\/676"}],"wp:attachment":[{"href":"https:\/\/artisanwood.it\/en\/wp-json\/wp\/v2\/media?parent=672"}],"wp:term":[{"taxonomy":"product_brand","embeddable":true,"href":"https:\/\/artisanwood.it\/en\/wp-json\/wp\/v2\/product_brand?post=672"},{"taxonomy":"product_cat","embeddable":true,"href":"https:\/\/artisanwood.it\/en\/wp-json\/wp\/v2\/product_cat?post=672"},{"taxonomy":"product_tag","embeddable":true,"href":"https:\/\/artisanwood.it\/en\/wp-json\/wp\/v2\/product_tag?post=672"}],"curies":[{"name":"wp","href":"https:\/\/api.w.org\/{rel}","templated":true}]}}