{"id":717,"date":"2025-05-22T15:24:14","date_gmt":"2025-05-22T14:24:14","guid":{"rendered":"https:\/\/artisanwood.it\/?post_type=product&#038;p=717"},"modified":"2026-03-07T03:20:00","modified_gmt":"2026-03-07T02:20:00","slug":"tavolo-in-legno-massello-tronco-dalbero-j14","status":"publish","type":"product","link":"https:\/\/artisanwood.it\/en\/negozio\/tavolo-in-legno-massello-tronco-dalbero-j14\/","title":{"rendered":"Tavolo in legno massello con gambe tronco d&#8217;albero J14 L200cm"},"content":{"rendered":"<p data-start=\"294\" data-end=\"478\"><strong data-start=\"294\" data-end=\"376\">Tavolo in legno massello con gambe tronco d&#8217;albero in legno massello di acacia<\/strong> \u2013 Edizione unica con gambe \u201ctronco d\u2019albero\u201d.<br data-start=\"422\" data-end=\"425\" \/>A <strong data-start=\"428\" data-end=\"456\">solid wood table<\/strong> che non si replica.<\/p>\n<p data-start=\"480\" data-end=\"896\">Realizzati interamente in <strong data-start=\"506\" data-end=\"534\">solid acacia wood<\/strong>, questi tavoli sono pezzi unici che portano nella tua casa la forza e la bellezza incontaminata della natura. Ogni <strong data-start=\"650\" data-end=\"678\">solid wood table<\/strong> \u00e8 levigato a mano e trattato solo con primer protettivo, lasciando il legno naturale al tatto e ricco di sfumature autentiche. Le venature, i nodi e i bordi organici raccontano la storia dell\u2019albero da cui proviene.<\/p>\n<p data-start=\"898\" data-end=\"1204\">La vera particolarit\u00e0? Le gambe. Ogni <strong data-start=\"936\" data-end=\"964\">solid wood table<\/strong> \u00e8 dotato di gambe scolpite da sezioni di tronco, diverse per ogni pezzo, non sostituibili n\u00e9 replicabili. Nessuna scelta da fare: ogni tavolo ha gi\u00e0 le sue gambe, scelte per armonizzarsi perfettamente con la forma e il carattere del piano.<\/p>\n<h3 data-start=\"1206\" data-end=\"1237\">What Makes It Special:<\/h3>\n<ul data-start=\"1238\" data-end=\"2007\">\n<li data-start=\"1238\" data-end=\"1284\">\n<p data-start=\"1240\" data-end=\"1284\">Materiale: 100% <strong data-start=\"1256\" data-end=\"1284\">solid acacia wood<\/strong><\/p>\n<\/li>\n<li data-start=\"1285\" data-end=\"1365\">\n<p data-start=\"1287\" data-end=\"1365\">Finish: Transparent primer only \u2014 no varnish, no artificial coatings<\/p>\n<\/li>\n<li data-start=\"1366\" data-end=\"1643\">\n<p data-start=\"1368\" data-end=\"1643\">Preparation: Each table undergoes chemical fumigation to eliminate insects, followed by slow kiln drying for at least six weeks to control moisture according to industry standards. After this process, the wood is ready for crafting and is treated solely with primer.<\/p>\n<\/li>\n<li data-start=\"1644\" data-end=\"1711\">\n<p data-start=\"1646\" data-end=\"1711\">Tabletop Thickness: 8.5 cm \u2014 substantial, sturdy, and visually striking.<\/p>\n<\/li>\n<li data-start=\"1712\" data-end=\"1772\">\n<p data-start=\"1714\" data-end=\"1772\">Approximate Widths at Sides and Center: 123 cm \u2013 110 cm \u2013 109 cm<\/p>\n<\/li>\n<li data-start=\"1773\" data-end=\"1817\">\n<p data-start=\"1775\" data-end=\"1817\">Edges: Organic, natural, and hand-sanded<\/p>\n<\/li>\n<li data-start=\"1818\" data-end=\"1877\">\n<p data-start=\"1820\" data-end=\"1877\">Legs: Massive \u201ctree trunk\u201d style, unique to each table<\/p>\n<\/li>\n<li data-start=\"1878\" data-end=\"1908\">\n<p data-start=\"1880\" data-end=\"1908\">Country of Origin: Thailand<\/p>\n<\/li>\n<li data-start=\"1909\" data-end=\"1972\">\n<p data-start=\"1911\" data-end=\"1972\">Pezzo unico: ogni <strong data-start=\"1929\" data-end=\"1957\">solid wood table<\/strong> \u00e8 irripetibile<\/p>\n<\/li>\n<li data-start=\"1973\" data-end=\"2007\">\n<p data-start=\"1975\" data-end=\"2007\">Perfect For: Those seeking authentic, natural craftsmanship<\/p>\n<\/li>\n<\/ul>\n<p data-start=\"2009\" data-end=\"2329\">Questo non \u00e8 un semplice tavolo: \u00e8 una dichiarazione di stile, un\u2019opera d\u2019arte funzionale. Perfetto per ambienti rustici, industriali o moderni con forte personalit\u00e0, \u00e8 pensato per chi ama i materiali vivi, puri e duraturi. Se cerchi un <strong data-start=\"2246\" data-end=\"2274\">solid wood table<\/strong> autentico e scenografico, questa \u00e8 la scelta perfetta.<\/p>\n<h3 data-start=\"2331\" data-end=\"2411\">Benefici del tavolo in legno massello di acacia con gambe \u201ctronco d\u2019albero\u201d:<\/h3>\n<p data-start=\"2412\" data-end=\"2588\">\ud83d\udd39 <strong data-start=\"2415\" data-end=\"2436\">Unicit\u00e0 garantita<\/strong><br data-start=\"2436\" data-end=\"2439\" \/>Ogni <strong data-start=\"2444\" data-end=\"2472\">solid wood table<\/strong> \u00e8 un pezzo irripetibile, con forme, venature, sfumature e gambe scolpite diverse. Nessun tavolo \u00e8 uguale all\u2019altro.<\/p>\n<p data-start=\"2590\" data-end=\"2800\">\ud83d\udd39 <strong data-start=\"2593\" data-end=\"2617\">Autenticit\u00e0 naturale<\/strong><br data-start=\"2617\" data-end=\"2620\" \/>Realizzato in <strong data-start=\"2634\" data-end=\"2662\">solid acacia wood<\/strong>, non trattato con vernici artificiali ma solo con primer trasparente. Il risultato? Una superficie calda, autentica e piacevole al tatto.<\/p>\n<p data-start=\"2802\" data-end=\"3030\">\ud83d\udd39 <strong data-start=\"2805\" data-end=\"2838\">Estetica organica e scultorea<\/strong><br data-start=\"2838\" data-end=\"2841\" \/>I bordi seguono le linee naturali del legno, per un effetto visivo organico e materico. Le gambe in tronco d\u2019albero trasformano ogni <strong data-start=\"2974\" data-end=\"3002\">solid wood table<\/strong> in una scultura funzionale.<\/p>\n<p data-start=\"3032\" data-end=\"3255\">\ud83d\udd39 <strong data-start=\"3035\" data-end=\"3075\">Spessore imponente, struttura solida<\/strong><br data-start=\"3075\" data-end=\"3078\" \/>Il piano spesso conferisce al <strong data-start=\"3108\" data-end=\"3136\">solid wood table<\/strong> una presenza importante e una resistenza eccezionale, perfetta per l\u2019uso quotidiano o come elemento centrale d\u2019arredo.<\/p>\n<p data-start=\"3257\" data-end=\"3493\">\ud83d\udd39 <strong data-start=\"3260\" data-end=\"3300\">Pronto all\u2019uso e facile da integrare<\/strong><br data-start=\"3300\" data-end=\"3303\" \/>Grazie alla finitura naturale e ai colori neutri del <strong data-start=\"3356\" data-end=\"3384\">solid acacia wood<\/strong>, the <strong data-start=\"3389\" data-end=\"3417\">solid wood table<\/strong> si adatta facilmente ad ambienti rustici, moderni, industriali o eclettici.<\/p>\n<p data-start=\"3495\" data-end=\"3669\">\ud83d\udd39 <strong data-start=\"3498\" data-end=\"3531\">Sostenibilit\u00e0 e artigianalit\u00e0<\/strong><br data-start=\"3531\" data-end=\"3534\" \/>Made from responsibly sourced materials and carefully handcrafted, each piece respects the natural forms of the wood while celebrating timeless artisanal skill.<\/p>\n<h3 data-start=\"3671\" data-end=\"3721\">How to Care for Your Table:<\/h3>\n<p data-start=\"3722\" data-end=\"3923\">The <strong data-start=\"3725\" data-end=\"3743\">solid wood<\/strong> \u00e8 un materiale vivo. Per preservarne la bellezza nel tempo: evitare l\u2019esposizione prolungata a fonti di calore e umidit\u00e0 e pulire con un panno umido, evitando prodotti aggressivi.<\/p>\n<p>&nbsp;<\/p>\n<h4><strong>Information &amp; Support<\/strong><\/h4>\n<p>Each table is individually photographed \u2014 you\u2019ll receive exactly the unique piece you see online.<br \/>\nPer richieste particolari o ulteriori informazioni, <a href=\"https:\/\/artisanwood.it\/contatti\/\">contattaci<\/a> via email a <a href=\"mailto:office@artisanwood.it\">office@artisanwood.it<\/a> o chiamaci al 0039\/ 3517169292 (anche whatsapp)<\/p>","protected":false},"excerpt":{"rendered":"<p>L200 x W123-110-109 x H76 cm<\/p>\n<p>Thickness: 8.5 cm<\/p>","protected":false},"featured_media":720,"comment_status":"closed","ping_status":"closed","template":"","meta":[],"product_brand":[],"product_cat":[21],"product_tag":[],"class_list":{"0":"post-717","1":"product","2":"type-product","3":"status-publish","4":"has-post-thumbnail","6":"product_cat-tavoli-in-legno-massello-di-acacia","7":"product_shipping_class-heavy-tables","9":"first","10":"outofstock","11":"sold-individually","12":"taxable","13":"shipping-taxable","14":"purchasable","15":"product-type-simple"},"_links":{"self":[{"href":"https:\/\/artisanwood.it\/en\/wp-json\/wp\/v2\/product\/717","targetHints":{"allow":["GET"]}}],"collection":[{"href":"https:\/\/artisanwood.it\/en\/wp-json\/wp\/v2\/product"}],"about":[{"href":"https:\/\/artisanwood.it\/en\/wp-json\/wp\/v2\/types\/product"}],"replies":[{"embeddable":true,"href":"https:\/\/artisanwood.it\/en\/wp-json\/wp\/v2\/comments?post=717"}],"wp:featuredmedia":[{"embeddable":true,"href":"https:\/\/artisanwood.it\/en\/wp-json\/wp\/v2\/media\/720"}],"wp:attachment":[{"href":"https:\/\/artisanwood.it\/en\/wp-json\/wp\/v2\/media?parent=717"}],"wp:term":[{"taxonomy":"product_brand","embeddable":true,"href":"https:\/\/artisanwood.it\/en\/wp-json\/wp\/v2\/product_brand?post=717"},{"taxonomy":"product_cat","embeddable":true,"href":"https:\/\/artisanwood.it\/en\/wp-json\/wp\/v2\/product_cat?post=717"},{"taxonomy":"product_tag","embeddable":true,"href":"https:\/\/artisanwood.it\/en\/wp-json\/wp\/v2\/product_tag?post=717"}],"curies":[{"name":"wp","href":"https:\/\/api.w.org\/{rel}","templated":true}]}}